{"id":778,"date":"2008-10-13T13:29:09","date_gmt":"2008-10-13T11:29:09","guid":{"rendered":"http:\/\/www.chloegraftiaux.com\/?page_id=778"},"modified":"2019-12-17T17:01:05","modified_gmt":"2019-12-17T15:01:05","slug":"contact","status":"publish","type":"page","link":"https:\/\/www.chloegraftiaux.com\/?page_id=778&lang=en","title":{"rendered":"Contact"},"content":{"rendered":"<p>Chlo\u00e9 Graftiaux<\/p>\n<p>(during some weeks)<\/p>\n<p>597, Faubourg Mach\u00e9<br \/>\n73000 Chamb\u00e9ry<br \/>\nFrance<\/p>\n<p><a href=\"mailto:graftiauxjoel@skynet.be\">graftiauxjoel@skynet.be<\/a><\/p>\n","protected":false},"excerpt":{"rendered":"<p>Chlo\u00e9 Graftiaux (during some weeks) 597, Faubourg Mach\u00e9 73000 Chamb\u00e9ry France graftiauxjoel@skynet.be<\/p>\n","protected":false},"author":1,"featured_media":0,"parent":0,"menu_order":6,"comment_status":"closed","ping_status":"closed","template":"","meta":{"ngg_post_thumbnail":0,"footnotes":""},"class_list":["post-778","page","type-page","status-publish","hentry"],"_links":{"self":[{"href":"https:\/\/www.chloegraftiaux.com\/index.php?rest_route=\/wp\/v2\/pages\/778","targetHints":{"allow":["GET"]}}],"collection":[{"href":"https:\/\/www.chloegraftiaux.com\/index.php?rest_route=\/wp\/v2\/pages"}],"about":[{"href":"https:\/\/www.chloegraftiaux.com\/index.php?rest_route=\/wp\/v2\/types\/page"}],"author":[{"embeddable":true,"href":"https:\/\/www.chloegraftiaux.com\/index.php?rest_route=\/wp\/v2\/users\/1"}],"replies":[{"embeddable":true,"href":"https:\/\/www.chloegraftiaux.com\/index.php?rest_route=%2Fwp%2Fv2%2Fcomments&post=778"}],"version-history":[{"count":0,"href":"https:\/\/www.chloegraftiaux.com\/index.php?rest_route=\/wp\/v2\/pages\/778\/revisions"}],"wp:attachment":[{"href":"https:\/\/www.chloegraftiaux.com\/index.php?rest_route=%2Fwp%2Fv2%2Fmedia&parent=778"}],"curies":[{"name":"wp","href":"https:\/\/api.w.org\/{rel}","templated":true}]}}