{"id":768,"date":"2008-11-01T23:45:37","date_gmt":"2008-11-01T21:45:37","guid":{"rendered":"http:\/\/www.chloegraftiaux.com\/?page_id=768"},"modified":"2019-12-17T16:52:46","modified_gmt":"2019-12-17T14:52:46","slug":"montagne-expe","status":"publish","type":"page","link":"https:\/\/www.chloegraftiaux.com\/?page_id=768&lang=en","title":{"rendered":"Mountaineering\/expeditions"},"content":{"rendered":"<h3>In 2009<\/h3>\n<table border=\"0\" cellspacing=\"0\" cellpadding=\"5\" width=\"550\">\n<tbody>\n<tr>\n<th width=\"200\" scope=\"col\">Nom<\/th>\n<th width=\"200\" scope=\"col\">Lieu<\/th>\n<th width=\"100\" scope=\"col\">Difficult\u00e9<\/th>\n<\/tr>\n<tr>\n<td>Voie Anouk<\/td>\n<td>Petites Jorasses<\/td>\n<td>ED-<\/td>\n<\/tr>\n<tr>\n<td>Classique Voie Bonatti<\/td>\n<td>Pilier Central du Freney et Mont-Blanc<\/td>\n<td>TD+<\/td>\n<\/tr>\n<tr>\n<td>Voie Guther- Voie Seigneur<\/td>\n<td>Les P\u00e9lerins et aiguille des 2 aigles<\/td>\n<td>TD<\/td>\n<\/tr>\n<\/tbody>\n<\/table>\n<h3>In 2008<\/h3>\n<\/p>\n<table border=\"0\" cellspacing=\"0\" cellpadding=\"5\" width=\"550\">\n<tbody>\n<tr>\n<th width=\"200\" scope=\"col\">Name<\/th>\n<th width=\"200\" scope=\"col\">Place<\/th>\n<th width=\"100\" scope=\"col\">Grade<\/th>\n<\/tr>\n<tr>\n<td>Ar\u00eate Kuffner<\/td>\n<td>Mont Maudit<\/td>\n<td>D<\/td>\n<\/tr>\n<tr>\n<td>Voie du Z<\/td>\n<td>Meije<\/td>\n<td>D+<\/td>\n<\/tr>\n<tr>\n<td>Face Sud Voie Rebuffat<\/td>\n<td>Le Pav\u00e9<\/td>\n<td>TD<\/td>\n<\/tr>\n<tr>\n<td>Eperon Frendo<\/td>\n<td>Aiguille du Midi<\/td>\n<td>D<\/td>\n<\/tr>\n<tr>\n<td>Aiguille du diable en travers\u00e9e<\/td>\n<td>Mont-Blanc du Tacul<\/td>\n<td>D+<\/td>\n<\/tr>\n<tr>\n<td>Pilier Gervasutti<\/td>\n<td>Mont-Blanc du Tacul<\/td>\n<td>TD<\/td>\n<\/tr>\n<\/tbody>\n<\/table>\n<h3>In 2006<\/h3>\n<\/p>\n<table border=\"0\" cellspacing=\"0\" cellpadding=\"5\" width=\"550\">\n<tbody>\n<tr>\n<th scope=\"col\">Name<\/th>\n<th scope=\"col\">Place<\/th>\n<th scope=\"col\">Grade<\/th>\n<\/tr>\n<tr>\n<td>Voie Pierre Allain Face Sud Directe<\/td>\n<td>Meije<\/td>\n<td>TD<\/td>\n<\/tr>\n<\/tbody>\n<\/table>\n","protected":false},"excerpt":{"rendered":"<p>In 2009 Nom Lieu Difficult\u00e9 Voie Anouk Petites Jorasses ED- Classique Voie Bonatti Pilier Central du Freney et Mont-Blanc TD+ Voie Guther- Voie Seigneur Les P\u00e9lerins et aiguille des 2 aigles TD In 2008 Name Place Grade Ar\u00eate Kuffner Mont Maudit D Voie du Z Meije D+ Face Sud Voie Rebuffat Le Pav\u00e9 TD Eperon &hellip; <\/p>\n<p class=\"link-more\"><a href=\"https:\/\/www.chloegraftiaux.com\/?page_id=768&#038;lang=en\" class=\"more-link\">Continuer la lecture<span class=\"screen-reader-text\"> de &laquo;&nbsp;Mountaineering\/expeditions&nbsp;&raquo;<\/span><\/a><\/p>\n","protected":false},"author":1,"featured_media":0,"parent":755,"menu_order":0,"comment_status":"closed","ping_status":"closed","template":"","meta":{"ngg_post_thumbnail":0,"footnotes":""},"class_list":["post-768","page","type-page","status-publish","hentry"],"_links":{"self":[{"href":"https:\/\/www.chloegraftiaux.com\/index.php?rest_route=\/wp\/v2\/pages\/768","targetHints":{"allow":["GET"]}}],"collection":[{"href":"https:\/\/www.chloegraftiaux.com\/index.php?rest_route=\/wp\/v2\/pages"}],"about":[{"href":"https:\/\/www.chloegraftiaux.com\/index.php?rest_route=\/wp\/v2\/types\/page"}],"author":[{"embeddable":true,"href":"https:\/\/www.chloegraftiaux.com\/index.php?rest_route=\/wp\/v2\/users\/1"}],"replies":[{"embeddable":true,"href":"https:\/\/www.chloegraftiaux.com\/index.php?rest_route=%2Fwp%2Fv2%2Fcomments&post=768"}],"version-history":[{"count":0,"href":"https:\/\/www.chloegraftiaux.com\/index.php?rest_route=\/wp\/v2\/pages\/768\/revisions"}],"up":[{"embeddable":true,"href":"https:\/\/www.chloegraftiaux.com\/index.php?rest_route=\/wp\/v2\/pages\/755"}],"wp:attachment":[{"href":"https:\/\/www.chloegraftiaux.com\/index.php?rest_route=%2Fwp%2Fv2%2Fmedia&parent=768"}],"curies":[{"name":"wp","href":"https:\/\/api.w.org\/{rel}","templated":true}]}}