{"id":64,"date":"2011-03-27T10:09:06","date_gmt":"2011-03-27T08:09:06","guid":{"rendered":"http:\/\/www.chloegraftiaux.com\/?page_id=64"},"modified":"2020-09-25T20:18:07","modified_gmt":"2020-09-25T18:18:07","slug":"communautes","status":"publish","type":"page","link":"https:\/\/www.chloegraftiaux.com\/?page_id=64","title":{"rendered":"CG Passion Together"},"content":{"rendered":"<div>\n<p style=\"text-align: left;\"><em>\u00ab&nbsp;Foyer d\u2019\u00e9nergie et de passion, moteur de nombreuses vocations&nbsp;\u00bb <\/em><a href=\"http:\/\/www.chloegraftiaux.com\/?page_id=64&amp;lang=en\"> For English<\/a><br \/>\n<em>\u00ab&nbsp;Moi, je veux faire comme Chlo\u00e9&nbsp;\u00bb Lucie, 7 ans<br \/>\n<\/em><em>\u00ab&nbsp;Ze was vol vreugde levenslust, en wilskracht&nbsp;\u00bb<br \/>\n<\/em><em>\u00ab&nbsp;Si chacun, nous vivions avec le dixi\u00e8me de passion pour la vie que ce que Chlo\u00e9 avait, je crois que le monde en serait plus beau&nbsp;\u00bb<br \/>\n<\/em><em>\u00ab&nbsp;C\u2019est certain, votre vie ne sera plus jamais la m\u00eame. La mienne non plus, celle de tous ceux que Chlo\u00e9 a un jour crois\u00e9, pareil&nbsp;! Mais c\u2019est en mieux que notre vie ne sera plus la m\u00eame&nbsp;\u00bb<br \/>\n<\/em><em>\u00ab&nbsp;She was an inspiring individual, she will remain etched in memory forever\u201d<br \/>\n<\/em><em>\u201cPour avoir vu ses photos sur son site, on peut dire qu\u2019elle avait le visage d\u2019une jeune fille heureuse de vivre sa passion. Pour avoir suivi ses choix et ses id\u00e9es, elle nous donne par son comportement une v\u00e9ritable le\u00e7on de vie, un message qui restera dans le temps.&nbsp;\u00bb<br \/>\n<\/em><em>\u00ab&nbsp;Le bonheur simple et vrai de vivre sa passion, mais aussi de la partager&nbsp;\u00bb<br \/>\n<\/em><em>\u00ab&nbsp;Sa passion, son ouverture m\u2019ont beaucoup touch\u00e9. Elle a su cueillir des tr\u00e9sors, c\u2019est un privil\u00e8ge&nbsp;\u00bb<br \/>\n<\/em><em>\u00ab&nbsp;Son sourire \u00e9tait une valeur s\u00fbre, quelque soit le r\u00e9sultat de la comp\u00e9tition. On sentait le plaisir d\u2019\u00eatre l\u00e0, de vivre le moment pr\u00e9sent&nbsp;\u00bb<br \/>\n<\/em><em>\u00ab&nbsp;I didn\u2019t meet Chlo\u00e9 but I very admired her free spirit and her unbelievable talent for climbing.\u201d<br \/>\n<\/em><em>\u201cTu pensais que la vie doit \u00eatre v\u00e9cue, de passion, de volont\u00e9, de d\u00e9sir&nbsp;\u00bb<br \/>\n<\/em><em>\u00ab&nbsp;Tu es une id\u00e9aliste rare. Tu laisses une empreinte qui nous construit toutes.&nbsp;\u00bb<\/em><\/p>\n<\/div>\n<p><strong>Parce que chacun de nos projets et de nos r\u00eaves se nourrira un peu de ta vie,<\/strong><\/p>\n<p style=\"text-align: center;\">&nbsp;<\/p>\n<h1 style=\"text-align: center;\"><span style=\"color: #800000;\"><strong>CHLOE GRAFTIAUX PASSION <em>TOGETHER<\/em><\/strong><\/span><\/h1>\n<p style=\"text-align: center;\"><strong>Cette <\/strong><strong>association soutiendra <\/strong><strong> des projets en lien avec la grimpe et\/ou les sports de montagne (escalade, alpinisme, ski de rando, base-jump, rando, etc&#8230;.) et\/ou les secours en montagne, qui ont un objectif de partage de passion et qui sont \u00e9labor\u00e9s par des jeunes, dans l\u2019esprit de la passion de Chlo\u00e9.<\/strong><\/p>\n<p>&nbsp;<\/p>\n<p><strong>POUR SE PROCURER LE LIVRE , rendez-vous <a href=\"http:\/\/www.chloegraftiaux.com\/?p=381\" target=\"_blank\" rel=\"noopener noreferrer\">ICI <\/a><\/strong><\/p>\n<p>&nbsp;<\/p>\n<p>&nbsp;<\/p>\n<p style=\"text-align: center;\">\u00ab&nbsp;VIS TA VIE A FOND POUR N\u2019EN REGRETTER AUCUN JOUR&nbsp;\u00bb Chlo\u00e9, la f\u00e9e Clochette<\/p>\n","protected":false},"excerpt":{"rendered":"<p>\u00ab&nbsp;Foyer d\u2019\u00e9nergie et de passion, moteur de nombreuses vocations&nbsp;\u00bb For English \u00ab&nbsp;Moi, je veux faire comme Chlo\u00e9&nbsp;\u00bb Lucie, 7 ans \u00ab&nbsp;Ze was vol vreugde levenslust, en wilskracht&nbsp;\u00bb \u00ab&nbsp;Si chacun, nous vivions avec le dixi\u00e8me de passion pour la vie que ce que Chlo\u00e9 avait, je crois que le monde en serait plus beau&nbsp;\u00bb \u00ab&nbsp;C\u2019est certain, &hellip; <\/p>\n<p class=\"link-more\"><a href=\"https:\/\/www.chloegraftiaux.com\/?page_id=64\" class=\"more-link\">Continuer la lecture<span class=\"screen-reader-text\"> de &laquo;&nbsp;CG Passion Together&nbsp;&raquo;<\/span><\/a><\/p>\n","protected":false},"author":1,"featured_media":0,"parent":0,"menu_order":3,"comment_status":"open","ping_status":"closed","template":"","meta":{"ngg_post_thumbnail":0,"footnotes":""},"class_list":["post-64","page","type-page","status-publish","hentry"],"_links":{"self":[{"href":"https:\/\/www.chloegraftiaux.com\/index.php?rest_route=\/wp\/v2\/pages\/64","targetHints":{"allow":["GET"]}}],"collection":[{"href":"https:\/\/www.chloegraftiaux.com\/index.php?rest_route=\/wp\/v2\/pages"}],"about":[{"href":"https:\/\/www.chloegraftiaux.com\/index.php?rest_route=\/wp\/v2\/types\/page"}],"author":[{"embeddable":true,"href":"https:\/\/www.chloegraftiaux.com\/index.php?rest_route=\/wp\/v2\/users\/1"}],"replies":[{"embeddable":true,"href":"https:\/\/www.chloegraftiaux.com\/index.php?rest_route=%2Fwp%2Fv2%2Fcomments&post=64"}],"version-history":[{"count":0,"href":"https:\/\/www.chloegraftiaux.com\/index.php?rest_route=\/wp\/v2\/pages\/64\/revisions"}],"wp:attachment":[{"href":"https:\/\/www.chloegraftiaux.com\/index.php?rest_route=%2Fwp%2Fv2%2Fmedia&parent=64"}],"curies":[{"name":"wp","href":"https:\/\/api.w.org\/{rel}","templated":true}]}}