{"id":29,"date":"2008-11-01T23:44:01","date_gmt":"2008-11-01T21:44:01","guid":{"rendered":"http:\/\/www.chloegraftiaux.com\/?page_id=29"},"modified":"2019-12-17T16:52:12","modified_gmt":"2019-12-17T14:52:12","slug":"glace-mixte-dry","status":"publish","type":"page","link":"https:\/\/www.chloegraftiaux.com\/?page_id=29","title":{"rendered":"Glace \/ Mixte \/ Dry"},"content":{"rendered":"<h3>En 2009<\/h3>\n<table border=\"0\" cellspacing=\"0\" cellpadding=\"5\" width=\"550\">\n<tbody>\n<tr>\n<th width=\"200\" scope=\"col\">Nom<\/th>\n<th width=\"200\" scope=\"col\">Lieu<\/th>\n<th width=\"100\" scope=\"col\">Difficult\u00e9<\/th>\n<\/tr>\n<tr>\n<td>Bowsky<\/td>\n<td>\u00e0 l&rsquo;usine Voreppe<\/td>\n<td>M11(?)<\/td>\n<\/tr>\n<tr>\n<td>To ydmyke krigere<\/td>\n<td>Eidfjord Norv\u00e8ge<\/td>\n<td>WI6<\/td>\n<\/tr>\n<tr>\n<td>Besos de Espana<\/td>\n<td>\u00e0 l&rsquo;usine Voreppe<\/td>\n<td>M11<\/td>\n<\/tr>\n<\/tbody>\n<\/table>\n<p>\u00a0<\/p>\n<h3>En 2008<\/h3>\n<table border=\"0\" cellspacing=\"0\" cellpadding=\"5\" width=\"550\">\n<tbody>\n<tr>\n<th width=\"200\" scope=\"col\">Nom<\/th>\n<th width=\"200\" scope=\"col\">Lieu<\/th>\n<th width=\"100\" scope=\"col\">Difficult\u00e9<\/th>\n<\/tr>\n<tr>\n<td>Teddy bear&rsquo;s picnic<\/td>\n<td>Rocheuses Canadiennes<\/td>\n<td>M8 WI6<\/td>\n<\/tr>\n<tr>\n<td>The Replicant<\/td>\n<td>Rocheuses Canadiennes<\/td>\n<td>WI 5 to 6+<\/td>\n<\/tr>\n<tr>\n<td>Nemesis<\/td>\n<td>Rocheuses Canadiennes<\/td>\n<td>WI 6<\/td>\n<\/tr>\n<tr>\n<td>Polar Circus<\/td>\n<td>Rocheuses Canadiennes<\/td>\n<td>WI 5<\/td>\n<\/tr>\n<tr>\n<td>Call of the curtain<\/td>\n<td>Rocheuses Canadiennes<\/td>\n<td>M7 WI6 en second<\/td>\n<\/tr>\n<tr>\n<td>The Terminator<\/td>\n<td>Rocheuses Canadiennes<\/td>\n<td>WI 5+ to 6 en second<\/td>\n<\/tr>\n<tr>\n<td>Premier M10<\/td>\n<td>au Sanglier<\/td>\n<td>M10<\/td>\n<\/tr>\n<tr>\n<td>Goulotte Modica-Noury<\/td>\n<td>Mont-Blanc du Tacul<\/td>\n<td>TD<\/td>\n<\/tr>\n<tr>\n<td>Couloir NNW<\/td>\n<td>Grande Casse Vanoise<\/td>\n<td>D<\/td>\n<\/tr>\n<tr>\n<td>Super Couloir<\/td>\n<td>Mont-Blanc du Tacul<\/td>\n<td>ED-<\/td>\n<\/tr>\n<tr>\n<td>Couloir Lagarde<\/td>\n<td>Les Droites<\/td>\n<td>TD<\/td>\n<\/tr>\n<tr>\n<td>Impatience<\/td>\n<td>Fressini\u00e8res<\/td>\n<td>5+<\/td>\n<\/tr>\n<\/tbody>\n<\/table>\n<p>\u00a0<\/p>\n<h3>En 2007<\/h3>\n<table border=\"0\" cellspacing=\"0\" cellpadding=\"5\" width=\"550\">\n<tbody>\n<tr>\n<th width=\"200\" scope=\"col\">Nom<\/th>\n<th width=\"200\" scope=\"col\">Lieu<\/th>\n<th width=\"100\" scope=\"col\">Difficult\u00e9<\/th>\n<\/tr>\n<tr>\n<td>Le monde des glaces<\/td>\n<td>Vall\u00e9e du Fournel<\/td>\n<td>5<\/td>\n<\/tr>\n<tr>\n<td>Delicados<\/td>\n<td>Vall\u00e9e du Fournel<\/td>\n<td>5+<\/td>\n<\/tr>\n<\/tbody>\n<\/table>\n<p><!--:--><\/p>\n","protected":false},"excerpt":{"rendered":"<p>En 2009 Nom Lieu Difficult\u00e9 Bowsky \u00e0 l&rsquo;usine Voreppe M11(?) To ydmyke krigere Eidfjord Norv\u00e8ge WI6 Besos de Espana \u00e0 l&rsquo;usine Voreppe M11 \u00a0 En 2008 Nom Lieu Difficult\u00e9 Teddy bear&rsquo;s picnic Rocheuses Canadiennes M8 WI6 The Replicant Rocheuses Canadiennes WI 5 to 6+ Nemesis Rocheuses Canadiennes WI 6 Polar Circus Rocheuses Canadiennes WI 5 &hellip; <\/p>\n<p class=\"link-more\"><a href=\"https:\/\/www.chloegraftiaux.com\/?page_id=29\" class=\"more-link\">Continuer la lecture<span class=\"screen-reader-text\"> de &laquo;&nbsp;Glace \/ Mixte \/ Dry&nbsp;&raquo;<\/span><\/a><\/p>\n","protected":false},"author":1,"featured_media":0,"parent":182,"menu_order":0,"comment_status":"closed","ping_status":"closed","template":"","meta":{"ngg_post_thumbnail":0,"footnotes":""},"class_list":["post-29","page","type-page","status-publish","hentry"],"_links":{"self":[{"href":"https:\/\/www.chloegraftiaux.com\/index.php?rest_route=\/wp\/v2\/pages\/29","targetHints":{"allow":["GET"]}}],"collection":[{"href":"https:\/\/www.chloegraftiaux.com\/index.php?rest_route=\/wp\/v2\/pages"}],"about":[{"href":"https:\/\/www.chloegraftiaux.com\/index.php?rest_route=\/wp\/v2\/types\/page"}],"author":[{"embeddable":true,"href":"https:\/\/www.chloegraftiaux.com\/index.php?rest_route=\/wp\/v2\/users\/1"}],"replies":[{"embeddable":true,"href":"https:\/\/www.chloegraftiaux.com\/index.php?rest_route=%2Fwp%2Fv2%2Fcomments&post=29"}],"version-history":[{"count":0,"href":"https:\/\/www.chloegraftiaux.com\/index.php?rest_route=\/wp\/v2\/pages\/29\/revisions"}],"up":[{"embeddable":true,"href":"https:\/\/www.chloegraftiaux.com\/index.php?rest_route=\/wp\/v2\/pages\/182"}],"wp:attachment":[{"href":"https:\/\/www.chloegraftiaux.com\/index.php?rest_route=%2Fwp%2Fv2%2Fmedia&parent=29"}],"curies":[{"name":"wp","href":"https:\/\/api.w.org\/{rel}","templated":true}]}}