{"id":21,"date":"2008-11-01T23:12:48","date_gmt":"2008-11-01T21:12:48","guid":{"rendered":"http:\/\/www.chloegraftiaux.com\/?page_id=21"},"modified":"2011-03-26T15:19:28","modified_gmt":"2011-03-26T13:19:28","slug":"media","status":"publish","type":"page","link":"https:\/\/www.chloegraftiaux.com\/?page_id=21","title":{"rendered":"Media"},"content":{"rendered":"<p><!--:en--><strong>You will find below some of my best videos, a link towards my galleries photos as well as some articles drafted on me.<\/strong><\/p>\n<\/p>\n<p><strong><a href=\"?page_id=36\" target=\"_self\">Gallery<\/a><\/strong><\/p>\n<p><strong><a href=\"?page_id=39\" target=\"_self\">Press<\/a><\/strong><!--:--><!--:fr--><strong>Vous trouverez ci-dessous quelques-unes de mes meilleures vid\u00e9os, un lien vers mes galeries photos ainsi que quelques articles de presse r\u00e9dig\u00e9s sur moi.<\/strong><\/p>\n<p><a href=\"?page_id=36\" target=\"_self\"><strong>Photos<\/strong><\/a><\/p>\n<p><a href=\"?page_id=39\" target=\"_self\"><strong>Revue de presse<\/strong><\/a><\/p>\n<p><a href=\"http:\/\/www.chloegraftiaux.com\/?page_id=38\"><strong>Vid\u00e9o<\/strong><\/a><!--:--><\/p>\n","protected":false},"excerpt":{"rendered":"<p>You will find below some of my best videos, a link towards my galleries photos as well as some articles drafted on me. Gallery PressVous trouverez ci-dessous quelques-unes de mes meilleures vid\u00e9os, un lien vers mes galeries photos ainsi que quelques articles de presse r\u00e9dig\u00e9s sur moi. Photos Revue de presse Vid\u00e9o<\/p>\n","protected":false},"author":1,"featured_media":0,"parent":0,"menu_order":4,"comment_status":"closed","ping_status":"closed","template":"","meta":{"ngg_post_thumbnail":0,"footnotes":""},"class_list":["post-21","page","type-page","status-publish","hentry"],"_links":{"self":[{"href":"https:\/\/www.chloegraftiaux.com\/index.php?rest_route=\/wp\/v2\/pages\/21","targetHints":{"allow":["GET"]}}],"collection":[{"href":"https:\/\/www.chloegraftiaux.com\/index.php?rest_route=\/wp\/v2\/pages"}],"about":[{"href":"https:\/\/www.chloegraftiaux.com\/index.php?rest_route=\/wp\/v2\/types\/page"}],"author":[{"embeddable":true,"href":"https:\/\/www.chloegraftiaux.com\/index.php?rest_route=\/wp\/v2\/users\/1"}],"replies":[{"embeddable":true,"href":"https:\/\/www.chloegraftiaux.com\/index.php?rest_route=%2Fwp%2Fv2%2Fcomments&post=21"}],"version-history":[{"count":0,"href":"https:\/\/www.chloegraftiaux.com\/index.php?rest_route=\/wp\/v2\/pages\/21\/revisions"}],"wp:attachment":[{"href":"https:\/\/www.chloegraftiaux.com\/index.php?rest_route=%2Fwp%2Fv2%2Fmedia&parent=21"}],"curies":[{"name":"wp","href":"https:\/\/api.w.org\/{rel}","templated":true}]}}