{"id":2,"date":"2008-10-09T22:19:57","date_gmt":"2008-10-09T20:19:57","guid":{"rendered":"http:\/\/www.chloegraftiaux.com\/?page_id=2"},"modified":"2025-05-13T12:18:21","modified_gmt":"2025-05-13T10:18:21","slug":"about","status":"publish","type":"page","link":"https:\/\/www.chloegraftiaux.com\/?page_id=2","title":{"rendered":"Portrait"},"content":{"rendered":"<p><strong>Born to climb : un mode de vie<\/strong><\/p>\n<p><a href=\"http:\/\/www.chloegraftiaux.com\/wp-content\/uploads\/2008\/11\/chloe-graftiaux-portrait1.jpg\"><img loading=\"lazy\" decoding=\"async\" class=\"alignright size-medium wp-image-70\" title=\"Chlo\u00e9 Graftiaux\" src=\"http:\/\/www.chloegraftiaux.com\/wp-content\/uploads\/2008\/11\/chloe-graftiaux-portrait1-300x199.jpg\" alt=\"\" width=\"250\" height=\"1\" \/><\/a>N\u00e9e pour grimper : en dix ans le pseudo de mon adresse mail n\u2019a pas chang\u00e9, ma passion non plus !<\/p>\n<p>Vous pourrez me rencontrer au pied d\u2019une falaise \u00e9quip\u00e9e, pendue \u00e0 un friend dans une voie montagne, en train de brocher en glace, sur un bloc au bout du monde, sous les feux de la rampe en comp\u00e9tition, &#8230;<\/p>\n<p>Tout est bon du moment que cela se grimpe !<\/p>\n<p>Pourquoi se priver d\u2019une pratique, quand elles sont toutes porteuses de plaisir, d\u2019apprentissage, de partage et d\u2019engagement !<\/p>\n<p>Si en plus cela permet de partager avec d\u2019autres, de s\u2019engager \u00e0 fond, de d\u00e9couvrir, alors c\u2019est \u00ab nickel \u00bb.<\/p>\n<div><strong>Une enfance de passion<\/strong><\/div>\n<div><strong><\/strong><\/div>\n<div>On me dit passionn\u00e9e et volontaire depuis la couveuse ! Durant ma petite enfance, le dessin et l\u2019athl\u00e9tisme ont occup\u00e9 mes temps libres et mes r\u00eaves . Mais \u00e0 8 ans, les d\u00e9parts de 100m sous le coup du pistolet me stressaient !<\/div>\n<p>Ma s\u0153ur qui pratiquait d\u00e9j\u00e0 l\u2019escalade m\u2019a entra\u00een\u00e9e dans les salles de Bruxelles. Ce fut la r\u00e9v\u00e9lation. A deux, Alix et moi-m\u00eame, sommes devenues ins\u00e9parables en salle, en comp\u00e9tition, en rocher. Mon adolescence s\u2019est d\u00e9roul\u00e9e entre entra\u00eenements, comp\u00e9titions, d\u00e9placements \u00e0 l\u2019\u00e9tranger, et \u2026 quand m\u00eame le lyc\u00e9e.<\/p>\n<p><a href=\"http:\/\/www.chloegraftiaux.com\/wp-content\/uploads\/2008\/11\/chloe-graftiaux-portrait2.jpg\"><img loading=\"lazy\" decoding=\"async\" class=\"alignright size-medium wp-image-69\" title=\"Chlo\u00e9 Graftiaux\" src=\"http:\/\/www.chloegraftiaux.com\/wp-content\/uploads\/2008\/11\/chloe-graftiaux-portrait2-300x225.jpg\" alt=\"Portrait\" width=\"250\" height=\"1\" \/><\/a><\/p>\n<div><strong>Ma vie au quotidien<\/strong><\/div>\n<div><strong> <\/strong><\/div>\n<div><strong> <\/strong>A 19 ans, je d\u00e9cide de vivre ma passion \u00e0 fond. Je quitte Namur en Belgique pour m\u2019installer \u00e0 Grenoble, dans les Alpes. J\u2019ai la chance d\u2019\u00eatre reconnue comme sportive de haut niveau en Belgique. En m\u00eame temps, je r\u00e9alise le brevet d\u2019\u00e9tat d\u2019escalade.<\/div>\n<p>Tr\u00e8s vite, la montagne m\u2019attire autant que la comp\u00e9tition. A terme, je souhaite entrer \u00e0 l\u2019Ensa \u00e0 Chamonix pour devenir guide et secouriste. Un d\u00e9fi passionnant.<\/p>\n<p>Me voil\u00e0 donc toujours en route entre les comp\u00e9titions, les trips de grimpe, les courses en haute montagne, les entra\u00eenements\u2026 une vie de passion.<\/p>\n<div><strong>En bref<\/strong><\/div>\n<div><strong> <\/strong><\/div>\n<div>Age : 22 ans<\/div>\n<p>Date de naissance : le 18 juillet 1987 \u00e0 Bruxelles<\/p>\n<p>Lieu d\u2019habitation : Chamb\u00e9ry, mon \u00ab camion \u00bb et les bivouacs \u00e0 l\u2019arrache<\/p>\n<p>Pratique l\u2019escalade depuis mes 10 ans<\/p>\n<p>Brevet d\u2019\u00e9tat d\u2019escalade d\u2019\u00e9ducateur sportif escalade\/canyon (\u00a0en 2007) et pisteur-secouriste (en 2009)<\/p>\n<p>Mon surnom : la plus fran\u00e7aise des grimpeuses belges<\/p>\n","protected":false},"excerpt":{"rendered":"<p>Born to climb : un mode de vie N\u00e9e pour grimper : en dix ans le pseudo de mon adresse mail n\u2019a pas chang\u00e9, ma passion non plus ! Vous pourrez me rencontrer au pied d\u2019une falaise \u00e9quip\u00e9e, pendue \u00e0 un friend dans une voie montagne, en train de brocher en glace, sur un bloc &hellip; <\/p>\n<p class=\"link-more\"><a href=\"https:\/\/www.chloegraftiaux.com\/?page_id=2\" class=\"more-link\">Continuer la lecture<span class=\"screen-reader-text\"> de &laquo;&nbsp;Portrait&nbsp;&raquo;<\/span><\/a><\/p>\n","protected":false},"author":1,"featured_media":0,"parent":0,"menu_order":1,"comment_status":"closed","ping_status":"closed","template":"","meta":{"ngg_post_thumbnail":0,"footnotes":""},"class_list":["post-2","page","type-page","status-publish","hentry"],"_links":{"self":[{"href":"https:\/\/www.chloegraftiaux.com\/index.php?rest_route=\/wp\/v2\/pages\/2","targetHints":{"allow":["GET"]}}],"collection":[{"href":"https:\/\/www.chloegraftiaux.com\/index.php?rest_route=\/wp\/v2\/pages"}],"about":[{"href":"https:\/\/www.chloegraftiaux.com\/index.php?rest_route=\/wp\/v2\/types\/page"}],"author":[{"embeddable":true,"href":"https:\/\/www.chloegraftiaux.com\/index.php?rest_route=\/wp\/v2\/users\/1"}],"replies":[{"embeddable":true,"href":"https:\/\/www.chloegraftiaux.com\/index.php?rest_route=%2Fwp%2Fv2%2Fcomments&post=2"}],"version-history":[{"count":0,"href":"https:\/\/www.chloegraftiaux.com\/index.php?rest_route=\/wp\/v2\/pages\/2\/revisions"}],"wp:attachment":[{"href":"https:\/\/www.chloegraftiaux.com\/index.php?rest_route=%2Fwp%2Fv2%2Fmedia&parent=2"}],"curies":[{"name":"wp","href":"https:\/\/api.w.org\/{rel}","templated":true}]}}